{"id":1672,"date":"2022-04-25T19:46:11","date_gmt":"2022-04-25T19:46:11","guid":{"rendered":"http:\/\/aei-automatizacion.com\/?page_id=1672"},"modified":"2022-05-20T14:09:06","modified_gmt":"2022-05-20T14:09:06","slug":"fabricacion","status":"publish","type":"page","link":"https:\/\/aei-automatizacion.com\/index.php\/fabricacion\/","title":{"rendered":"Fabricaci\u00f3n"},"content":{"rendered":"<p>[et_pb_section fb_built=\u00bb1&#8243; disabled_on=\u00bbon|on|off\u00bb admin_label=\u00bbHEADER-DESKTOP\u00bb _builder_version=\u00bb4.17.4&#8243; _module_preset=\u00bbdefault\u00bb min_height=\u00bb80px\u00bb height=\u00bb80px\u00bb da_disable_devices=\u00bboff|off|off\u00bb global_module=\u00bb1820&#8243; saved_tabs=\u00bball\u00bb locked=\u00bboff\u00bb collapsed=\u00bbon\u00bb global_colors_info=\u00bb{}\u00bb da_is_popup=\u00bboff\u00bb da_exit_intent=\u00bboff\u00bb da_has_close=\u00bbon\u00bb da_alt_close=\u00bboff\u00bb da_dark_close=\u00bboff\u00bb da_not_modal=\u00bbon\u00bb da_is_singular=\u00bboff\u00bb da_with_loader=\u00bboff\u00bb da_has_shadow=\u00bbon\u00bb][et_pb_row _builder_version=\u00bb4.17.4&#8243; _module_preset=\u00bbdefault\u00bb global_colors_info=\u00bb{}\u00bb][et_pb_column type=\u00bb4_4&#8243; _builder_version=\u00bb4.17.4&#8243; _module_preset=\u00bbdefault\u00bb global_colors_info=\u00bb{}\u00bb][et_pb_menu menu_id=\u00bb21&#8243; logo=\u00bbhttps:\/\/aei-automatizacion.com\/wp-content\/uploads\/2022\/04\/Logo_Aei_Color.png\u00bb logo_url=\u00bbhttps:\/\/aei-automatizacion.com\/\u00bb logo_width=\u00bb15%\u00bb show_search_icon=\u00bbon\u00bb cart_icon_color=\u00bb#000000&#8243; search_icon_color=\u00bb#000000&#8243; menu_icon_color=\u00bb#000000&#8243; _builder_version=\u00bb4.17.4&#8243; _module_preset=\u00bbdefault\u00bb menu_font=\u00bbMontserrat||||||||\u00bb background_color=\u00bb#FFFFFF\u00bb text_orientation=\u00bbright\u00bb custom_margin=\u00bb||-18px||false|false\u00bb border_width_bottom=\u00bb1px\u00bb border_color_bottom=\u00bb#e5e5e5&#8243; global_colors_info=\u00bb{}\u00bb][\/et_pb_menu][et_pb_button button_url=\u00bbhttps:\/\/aei-automatizacion.com\/index.php\/division-industria\/\u00bb button_text=\u00bbDIVISI\u00d3N INDUSTRIA\u00bb button_alignment=\u00bbcenter\u00bb _builder_version=\u00bb4.17.4&#8243; _module_preset=\u00bbdefault\u00bb custom_button=\u00bbon\u00bb button_text_size=\u00bb18px\u00bb button_bg_color=\u00bb#008060&#8243; button_border_width=\u00bb2px\u00bb button_border_radius=\u00bb25px\u00bb button_use_icon=\u00bboff\u00bb background_layout=\u00bbdark\u00bb custom_padding=\u00bb0px|60px|0px|60px|true|true\u00bb box_shadow_style=\u00bbpreset3&#8243; box_shadow_vertical=\u00bb5px\u00bb box_shadow_blur=\u00bb8px\u00bb global_colors_info=\u00bb{}\u00bb][\/et_pb_button][\/et_pb_column][\/et_pb_row][\/et_pb_section][et_pb_section fb_built=\u00bb1&#8243; _builder_version=\u00bb4.17.4&#8243; _module_preset=\u00bbdefault\u00bb custom_padding=\u00bb26px||50px||false|\u00bb animation_style=\u00bbfade\u00bb animation_duration=\u00bb500ms\u00bb da_disable_devices=\u00bboff|off|off\u00bb global_colors_info=\u00bb{}\u00bb da_is_popup=\u00bboff\u00bb da_exit_intent=\u00bboff\u00bb da_has_close=\u00bbon\u00bb da_alt_close=\u00bboff\u00bb da_dark_close=\u00bboff\u00bb da_not_modal=\u00bbon\u00bb da_is_singular=\u00bboff\u00bb da_with_loader=\u00bboff\u00bb da_has_shadow=\u00bbon\u00bb][et_pb_row _builder_version=\u00bb4.17.4&#8243; _module_preset=\u00bbdefault\u00bb background_enable_color=\u00bboff\u00bb background_image=\u00bbhttps:\/\/aei-automatizacion.com\/wp-content\/uploads\/2022\/05\/pexels-pixabay-159298-scaled.webp\u00bb parallax=\u00bbon\u00bb parallax_method=\u00bboff\u00bb custom_padding=\u00bb0px||0px||true|false\u00bb animation_style=\u00bbslide\u00bb animation_direction=\u00bbtop\u00bb locked=\u00bboff\u00bb global_colors_info=\u00bb{}\u00bb][et_pb_column type=\u00bb4_4&#8243; _builder_version=\u00bb4.17.4&#8243; _module_preset=\u00bbdefault\u00bb global_colors_info=\u00bb{}\u00bb][et_pb_blurb title=\u00bbFABRICACI\u00d3N\u00bb _builder_version=\u00bb4.17.4&#8243; _module_preset=\u00bbdefault\u00bb header_font=\u00bbMontserrat|600|||||||\u00bb header_text_align=\u00bbcenter\u00bb header_font_size=\u00bb52px\u00bb body_font=\u00bbMontserrat|300|||||||\u00bb body_text_align=\u00bbcenter\u00bb body_font_size=\u00bb18px\u00bb background_color=\u00bbrgba(0,0,0,0.72)\u00bb background_layout=\u00bbdark\u00bb custom_padding=\u00bb45px||45px||true|false\u00bb global_colors_info=\u00bb{}\u00bb]<\/p>\n<div class=\"et_pb_header_content_wrapper\">\n<p><span>Planificaci\u00f3n, seguridad, industria, construcci\u00f3n, mantenimiento, metalmec\u00e1nica<\/span><\/p>\n<\/div>\n<p>[\/et_pb_blurb][\/et_pb_column][\/et_pb_row][et_pb_row column_structure=\u00bb3_4,1_4&#8243; make_equal=\u00bbon\u00bb _builder_version=\u00bb4.17.4&#8243; _module_preset=\u00bbdefault\u00bb custom_margin=\u00bb25px||||false|false\u00bb global_colors_info=\u00bb{}\u00bb][et_pb_column type=\u00bb3_4&#8243; _builder_version=\u00bb4.17.4&#8243; _module_preset=\u00bbdefault\u00bb animation_style=\u00bbslide\u00bb animation_direction=\u00bbleft\u00bb global_colors_info=\u00bb{}\u00bb][et_pb_nextend_smart_slider_3 slider=\u00bb15&#8243; _builder_version=\u00bb4.17.4&#8243; _module_preset=\u00bbdefault\u00bb global_colors_info=\u00bb{}\u00bb][\/et_pb_nextend_smart_slider_3][\/et_pb_column][et_pb_column type=\u00bb1_4&#8243; _builder_version=\u00bb4.17.4&#8243; _module_preset=\u00bbdefault\u00bb animation_style=\u00bbslide\u00bb animation_direction=\u00bbright\u00bb global_colors_info=\u00bb{}\u00bb][et_pb_slider show_arrows=\u00bboff\u00bb show_pagination=\u00bboff\u00bb use_bg_overlay=\u00bboff\u00bb use_text_overlay=\u00bboff\u00bb _builder_version=\u00bb4.17.4&#8243; _module_preset=\u00bbdefault\u00bb header_level=\u00bbh1&#8243; header_line_height=\u00bb0em\u00bb body_font=\u00bbMontserrat||||||||\u00bb body_text_color=\u00bb#000000&#8243; custom_margin=\u00bb230px|||-190px|false|false\u00bb custom_padding=\u00bb0px|0px|0px|0px|true|true\u00bb auto=\u00bbon\u00bb box_shadow_style=\u00bbpreset3&#8243; box_shadow_color=\u00bbrgba(0,128,96,0.21)\u00bb global_colors_info=\u00bb{}\u00bb][et_pb_slide use_bg_overlay=\u00bboff\u00bb use_text_overlay=\u00bboff\u00bb _builder_version=\u00bb4.17.4&#8243; _module_preset=\u00bbdefault\u00bb background_color=\u00bb#FFFFFF\u00bb background_enable_color=\u00bbon\u00bb background_layout=\u00bblight\u00bb global_colors_info=\u00bb{}\u00bb sticky_transition=\u00bbon\u00bb]<\/p>\n<p>Your content goes here. Edit or remove this text inline or in the module Content settings. You can also style every aspect of this content in the module Design settings and even apply custom CSS to this text in the module Advanced settings.<\/p>\n<p>[\/et_pb_slide][et_pb_slide _builder_version=\u00bb4.17.4&#8243; _module_preset=\u00bbdefault\u00bb background_color=\u00bb#F0F0F1&#8243; background_enable_color=\u00bbon\u00bb background_layout=\u00bblight\u00bb global_colors_info=\u00bb{}\u00bb sticky_transition=\u00bbon\u00bb]<\/p>\n<p>Your content goes here. Edit or remove this text inline or in the module Content settings. You can also style every aspect of this content in the module Design settings and even apply custom CSS to this text in the module Advanced settings.<\/p>\n<p>[\/et_pb_slide][\/et_pb_slider][\/et_pb_column][\/et_pb_row][et_pb_row column_structure=\u00bb1_3,1_3,1_3&#8243; use_custom_gutter=\u00bbon\u00bb gutter_width=\u00bb2&#8243; _builder_version=\u00bb4.17.4&#8243; _module_preset=\u00bbdefault\u00bb custom_margin=\u00bb25px||||false|false\u00bb locked=\u00bboff\u00bb global_colors_info=\u00bb{}\u00bb][et_pb_column type=\u00bb1_3&#8243; _builder_version=\u00bb4.17.4&#8243; _module_preset=\u00bbdefault\u00bb animation_style=\u00bbflip\u00bb animation_direction=\u00bbright\u00bb global_colors_info=\u00bb{}\u00bb][lwp_image_carousel gallery_ids=\u00bb3240,3241&#8243; slides_show=\u00bb1&#8243; show_dots=\u00bboff\u00bb show_arrows=\u00bboff\u00bb autoplay_animation=\u00bbon\u00bb infinite_animation=\u00bbon\u00bb _builder_version=\u00bb4.17.4&#8243; _module_preset=\u00bbdefault\u00bb hover_enabled=\u00bb0&#8243; global_colors_info=\u00bb{}\u00bb autoplay_animation_speed=\u00bb3500ms\u00bb sticky_enabled=\u00bb0&#8243;][\/lwp_image_carousel][et_pb_toggle title=\u00bbCentro de Control de Motores\u00bb toggle_icon=\u00bb&#xf0fe;||fa||900&#8243; open_toggle_icon=\u00bb&#xf146;||fa||900&#8243; _builder_version=\u00bb4.17.4&#8243; _module_preset=\u00bbdefault\u00bb global_colors_info=\u00bb{}\u00bb]<\/p>\n<p><span>Lorem ipsum dolor sit amet, consectetuer adipiscing elit. Aenean commodo ligula eget dolor. Aenean massa. Cum sociis natoque penatibus et magnis dis parturient montes, nascetur ridiculus mus. Donec quam felis, ultricies nec, pellentesque eu, pretium quis, sem. Nulla consequat massa quis enim. Donec pede justo, fringilla vel, aliquet nec, vulputate eget, arcu. In enim justo, rhoncus ut, imperdiet a, venenatis vitae, justo.<\/span><\/p>\n<p>[\/et_pb_toggle][\/et_pb_column][et_pb_column type=\u00bb1_3&#8243; _builder_version=\u00bb4.17.4&#8243; _module_preset=\u00bbdefault\u00bb animation_style=\u00bbflip\u00bb animation_direction=\u00bbright\u00bb global_colors_info=\u00bb{}\u00bb][lwp_image_carousel gallery_ids=\u00bb3248,3249&#8243; slides_show=\u00bb1&#8243; show_dots=\u00bboff\u00bb show_arrows=\u00bboff\u00bb autoplay_animation=\u00bbon\u00bb autoplay_animation_speed=\u00bb3550ms\u00bb infinite_animation=\u00bbon\u00bb _builder_version=\u00bb4.17.4&#8243; _module_preset=\u00bbdefault\u00bb hover_enabled=\u00bb0&#8243; global_colors_info=\u00bb{}\u00bb sticky_enabled=\u00bb0&#8243;][\/lwp_image_carousel][et_pb_toggle title=\u00bbArranque de Bombas \u00bb toggle_icon=\u00bb&#xf0fe;||fa||900&#8243; open_toggle_icon=\u00bb&#xf146;||fa||900&#8243; _builder_version=\u00bb4.17.4&#8243; _module_preset=\u00bbdefault\u00bb global_colors_info=\u00bb{}\u00bb]<\/p>\n<p><span>Lorem ipsum dolor sit amet, consectetuer adipiscing elit. Aenean commodo ligula eget dolor. Aenean massa. Cum sociis natoque penatibus et magnis dis parturient montes, nascetur ridiculus mus. Donec quam felis, ultricies nec, pellentesque eu, pretium quis, sem. Nulla consequat massa quis enim. Donec pede justo, fringilla vel, aliquet nec, vulputate eget, arcu. In enim justo, rhoncus ut, imperdiet a, venenatis vitae, justo.<\/span><\/p>\n<p>[\/et_pb_toggle][\/et_pb_column][et_pb_column type=\u00bb1_3&#8243; _builder_version=\u00bb4.17.4&#8243; _module_preset=\u00bbdefault\u00bb animation_style=\u00bbflip\u00bb animation_direction=\u00bbright\u00bb global_colors_info=\u00bb{}\u00bb][lwp_image_carousel gallery_ids=\u00bb3242,3243&#8243; slides_show=\u00bb1&#8243; show_dots=\u00bboff\u00bb show_arrows=\u00bboff\u00bb autoplay_animation=\u00bbon\u00bb autoplay_animation_speed=\u00bb3600ms\u00bb infinite_animation=\u00bbon\u00bb _builder_version=\u00bb4.17.4&#8243; _module_preset=\u00bbdefault\u00bb hover_enabled=\u00bb0&#8243; global_colors_info=\u00bb{}\u00bb sticky_enabled=\u00bb0&#8243;][\/lwp_image_carousel][et_pb_toggle title=\u00bbGabinetes\u00bb toggle_icon=\u00bb&#xf0fe;||fa||900&#8243; open_toggle_icon=\u00bb&#xf146;||fa||900&#8243; _builder_version=\u00bb4.17.4&#8243; _module_preset=\u00bbdefault\u00bb global_colors_info=\u00bb{}\u00bb]<\/p>\n<p><span>Lorem ipsum dolor sit amet, consectetuer adipiscing elit. Aenean commodo ligula eget dolor. Aenean massa. Cum sociis natoque penatibus et magnis dis parturient montes, nascetur ridiculus mus. Donec quam felis, ultricies nec, pellentesque eu, pretium quis, sem. Nulla consequat massa quis enim. Donec pede justo, fringilla vel, aliquet nec, vulputate eget, arcu. In enim justo, rhoncus ut, imperdiet a, venenatis vitae, justo.<\/span><\/p>\n<p>[\/et_pb_toggle][\/et_pb_column][\/et_pb_row][et_pb_row column_structure=\u00bb1_3,1_3,1_3&#8243; use_custom_gutter=\u00bbon\u00bb gutter_width=\u00bb2&#8243; _builder_version=\u00bb4.17.4&#8243; _module_preset=\u00bbdefault\u00bb custom_margin=\u00bb25px||||false|false\u00bb locked=\u00bboff\u00bb global_colors_info=\u00bb{}\u00bb][et_pb_column type=\u00bb1_3&#8243; _builder_version=\u00bb4.17.4&#8243; _module_preset=\u00bbdefault\u00bb animation_style=\u00bbflip\u00bb animation_direction=\u00bbright\u00bb global_colors_info=\u00bb{}\u00bb][lwp_image_carousel gallery_ids=\u00bb3246,3247&#8243; slides_show=\u00bb1&#8243; show_dots=\u00bboff\u00bb show_arrows=\u00bboff\u00bb autoplay_animation=\u00bbon\u00bb autoplay_animation_speed=\u00bb3550ms\u00bb infinite_animation=\u00bbon\u00bb _builder_version=\u00bb4.17.4&#8243; _module_preset=\u00bbdefault\u00bb hover_enabled=\u00bb0&#8243; global_colors_info=\u00bb{}\u00bb sticky_enabled=\u00bb0&#8243;][\/lwp_image_carousel][et_pb_toggle title=\u00bbPes\u00f3metros\u00bb toggle_icon=\u00bb&#xf0fe;||fa||900&#8243; open_toggle_icon=\u00bb&#xf146;||fa||900&#8243; _builder_version=\u00bb4.17.4&#8243; _module_preset=\u00bbdefault\u00bb global_colors_info=\u00bb{}\u00bb]<\/p>\n<p><span>Lorem ipsum dolor sit amet, consectetuer adipiscing elit. Aenean commodo ligula eget dolor. Aenean massa. Cum sociis natoque penatibus et magnis dis parturient montes, nascetur ridiculus mus. Donec quam felis, ultricies nec, pellentesque eu, pretium quis, sem. Nulla consequat massa quis enim. Donec pede justo, fringilla vel, aliquet nec, vulputate eget, arcu. In enim justo, rhoncus ut, imperdiet a, venenatis vitae, justo.<\/span><\/p>\n<p>[\/et_pb_toggle][\/et_pb_column][et_pb_column type=\u00bb1_3&#8243; _builder_version=\u00bb4.17.4&#8243; _module_preset=\u00bbdefault\u00bb animation_style=\u00bbflip\u00bb animation_direction=\u00bbright\u00bb global_colors_info=\u00bb{}\u00bb][lwp_image_carousel gallery_ids=\u00bb3244,3245&#8243; slides_show=\u00bb1&#8243; show_dots=\u00bboff\u00bb show_arrows=\u00bboff\u00bb autoplay_animation=\u00bbon\u00bb autoplay_animation_speed=\u00bb3500ms\u00bb infinite_animation=\u00bbon\u00bb _builder_version=\u00bb4.17.4&#8243; _module_preset=\u00bbdefault\u00bb hover_enabled=\u00bb0&#8243; global_colors_info=\u00bb{}\u00bb sticky_enabled=\u00bb0&#8243;][\/lwp_image_carousel][et_pb_toggle title=\u00bbMuestreadores\u00bb toggle_icon=\u00bb&#xf0fe;||fa||900&#8243; open_toggle_icon=\u00bb&#xf146;||fa||900&#8243; _builder_version=\u00bb4.17.4&#8243; _module_preset=\u00bbdefault\u00bb global_colors_info=\u00bb{}\u00bb]<\/p>\n<p><span>Lorem ipsum dolor sit amet, consectetuer adipiscing elit. Aenean commodo ligula eget dolor. Aenean massa. Cum sociis natoque penatibus et magnis dis parturient montes, nascetur ridiculus mus. Donec quam felis, ultricies nec, pellentesque eu, pretium quis, sem. Nulla consequat massa quis enim. Donec pede justo, fringilla vel, aliquet nec, vulputate eget, arcu. In enim justo, rhoncus ut, imperdiet a, venenatis vitae, justo.<\/span><\/p>\n<p>[\/et_pb_toggle][\/et_pb_column][et_pb_column type=\u00bb1_3&#8243; _builder_version=\u00bb4.17.4&#8243; _module_preset=\u00bbdefault\u00bb animation_style=\u00bbflip\u00bb animation_direction=\u00bbright\u00bb global_colors_info=\u00bb{}\u00bb][\/et_pb_column][\/et_pb_row][\/et_pb_section][et_pb_section fb_built=\u00bb1&#8243; disabled_on=\u00bbon|on|off\u00bb admin_label=\u00bbFOOTER-DESKTOP\u00bb _builder_version=\u00bb4.17.4&#8243; _module_preset=\u00bbdefault\u00bb background_color=\u00bb#000000&#8243; custom_padding=\u00bb15px||15px||true|\u00bb da_disable_devices=\u00bboff|off|off\u00bb global_module=\u00bb1177&#8243; locked=\u00bboff\u00bb collapsed=\u00bbon\u00bb global_colors_info=\u00bb{}\u00bb da_is_popup=\u00bboff\u00bb da_exit_intent=\u00bboff\u00bb da_has_close=\u00bbon\u00bb da_alt_close=\u00bboff\u00bb da_dark_close=\u00bboff\u00bb da_not_modal=\u00bbon\u00bb da_is_singular=\u00bboff\u00bb da_with_loader=\u00bboff\u00bb da_has_shadow=\u00bbon\u00bb][et_pb_row column_structure=\u00bb1_4,1_4,1_4,1_4&#8243; _builder_version=\u00bb4.17.4&#8243; _module_preset=\u00bbdefault\u00bb global_colors_info=\u00bb{}\u00bb][et_pb_column type=\u00bb1_4&#8243; _builder_version=\u00bb4.17.4&#8243; _module_preset=\u00bbdefault\u00bb global_colors_info=\u00bb{}\u00bb][et_pb_text admin_label=\u00bbColumna_1&#8243; _builder_version=\u00bb4.17.4&#8243; _module_preset=\u00bbdefault\u00bb text_font=\u00bbMontserrat|700|||||||\u00bb background_layout=\u00bbdark\u00bb max_width=\u00bb80%\u00bb border_width_bottom=\u00bb1px\u00bb border_color_bottom=\u00bb#FFFFFF\u00bb global_colors_info=\u00bb{}\u00bb]<\/p>\n<p>REDES SOCIALES<\/p>\n<p>[\/et_pb_text][et_pb_social_media_follow _builder_version=\u00bb4.17.4&#8243; _module_preset=\u00bbdefault\u00bb background_enable_color=\u00bboff\u00bb background_layout=\u00bbdark\u00bb custom_margin=\u00bb20px||||false|false\u00bb global_colors_info=\u00bb{}\u00bb][et_pb_social_media_follow_network social_network=\u00bbfacebook\u00bb url=\u00bbhttps:\/\/www.facebook.com\/aeiautomation\u00bb _builder_version=\u00bb4.17.4&#8243; _module_preset=\u00bbdefault\u00bb background_color=\u00bbRGBA(255,255,255,0)\u00bb background_enable_color=\u00bbon\u00bb custom_button=\u00bbon\u00bb global_colors_info=\u00bb{}\u00bb background__hover_enabled=\u00bbon|hover\u00bb background_color__hover=\u00bb#3b5998&#8243; background_enable_color__hover=\u00bbon\u00bb]facebook[\/et_pb_social_media_follow_network][et_pb_social_media_follow_network social_network=\u00bblinkedin\u00bb url=\u00bbhttps:\/\/www.linkedin.com\/company\/aei-automatizacion\u00bb _builder_version=\u00bb4.17.4&#8243; _module_preset=\u00bbdefault\u00bb background_color=\u00bbRGBA(255,255,255,0)\u00bb background_enable_color=\u00bbon\u00bb global_colors_info=\u00bb{}\u00bb background__hover_enabled=\u00bbon|hover\u00bb background_color__hover=\u00bb#007bb6&#8243; background_enable_color__hover=\u00bbon\u00bb]linkedin[\/et_pb_social_media_follow_network][et_pb_social_media_follow_network social_network=\u00bbwhatsapp\u00bb url=\u00bbhttps:\/\/bit.ly\/3scPHNC\u00bb _builder_version=\u00bb4.17.4&#8243; _module_preset=\u00bbdefault\u00bb background_color=\u00bbRGBA(255,255,255,0)\u00bb background_enable_color=\u00bbon\u00bb global_colors_info=\u00bb{}\u00bb background__hover_enabled=\u00bbon|hover\u00bb background_color__hover=\u00bb#25d366&#8243; background_enable_color__hover=\u00bbon\u00bb]whatsapp[\/et_pb_social_media_follow_network][\/et_pb_social_media_follow][\/et_pb_column][et_pb_column type=\u00bb1_4&#8243; _builder_version=\u00bb4.17.4&#8243; _module_preset=\u00bbdefault\u00bb global_colors_info=\u00bb{}\u00bb][et_pb_text admin_label=\u00bbColumna_2&#8243; _builder_version=\u00bb4.17.4&#8243; _module_preset=\u00bbdefault\u00bb text_font=\u00bbMontserrat|700|||||||\u00bb background_layout=\u00bbdark\u00bb max_width=\u00bb80%\u00bb border_width_bottom=\u00bb1px\u00bb border_color_bottom=\u00bb#FFFFFF\u00bb global_colors_info=\u00bb{}\u00bb]<\/p>\n<p>AEI AUTOMATIZACI\u00d3N<\/p>\n<p>[\/et_pb_text][et_pb_text admin_label=\u00bbAEI AUTOMATIZACI\u00d3N\u00bb _builder_version=\u00bb4.17.4&#8243; _module_preset=\u00bbdefault\u00bb text_font=\u00bbMontserrat||||||||\u00bb text_line_height=\u00bb0.5em\u00bb link_text_color=\u00bb#FFFFFF\u00bb custom_margin=\u00bb20px||||false|false\u00bb global_colors_info=\u00bb{}\u00bb text_text_color__hover_enabled=\u00bboff|hover\u00bb link_text_color__hover_enabled=\u00bboff|hover\u00bb]<\/p>\n<p><a href=\"https:\/\/aei-automatizacion.com\/\">Inicio<\/a><\/p>\n<p><a href=\"https:\/\/aei-automatizacion.com\/index.php\/nosotros\/\">Nosotros<\/a><\/p>\n<p><a href=\"https:\/\/aei-automatizacion.com\/index.php\/contacto\/\">Contacto<\/a><\/p>\n<p><a href=\"https:\/\/aei-automatizacion.com\/index.php\/division-industria\/\">Div. Industria<\/a><\/p>\n<p><a href=\"https:\/\/aei-automatizacion.com\/index.php\/division-edificios-inteligentes\/\">Div. Edif. Inteligentes<\/a><\/p>\n<p>[\/et_pb_text][\/et_pb_column][et_pb_column type=\u00bb1_4&#8243; _builder_version=\u00bb4.17.4&#8243; _module_preset=\u00bbdefault\u00bb global_colors_info=\u00bb{}\u00bb][et_pb_text admin_label=\u00bbColumna_3&#8243; _builder_version=\u00bb4.17.4&#8243; _module_preset=\u00bbdefault\u00bb text_font=\u00bbMontserrat|700|||||||\u00bb background_layout=\u00bbdark\u00bb max_width=\u00bb80%\u00bb border_width_bottom=\u00bb1px\u00bb border_color_bottom=\u00bb#FFFFFF\u00bb global_colors_info=\u00bb{}\u00bb]<\/p>\n<p>DIVISI\u00d3N INDUSTRIA<\/p>\n<p>[\/et_pb_text][et_pb_text admin_label=\u00bbDIVISI\u00d3N INDUSTRIA\u00bb _builder_version=\u00bb4.17.4&#8243; _module_preset=\u00bbdefault\u00bb text_font=\u00bbMontserrat||||||||\u00bb text_line_height=\u00bb0.5em\u00bb link_text_color=\u00bb#FFFFFF\u00bb custom_margin=\u00bb20px||||false|false\u00bb global_colors_info=\u00bb{}\u00bb text_text_color__hover_enabled=\u00bboff|hover\u00bb link_text_color__hover_enabled=\u00bboff|hover\u00bb]<\/p>\n<p><a href=\"https:\/\/aei-automatizacion.com\/index.php\/sistemas-scada\/\">Sistemas SCADA<\/a><\/p>\n<p><a href=\"https:\/\/aei-automatizacion.com\/index.php\/plcs\/\">PLC&#8217;s<\/a><\/p>\n<p><a href=\"https:\/\/aei-automatizacion.com\/index.php\/fabricacion\/\">Fabricaci\u00f3n<\/a><\/p>\n<p><a href=\"https:\/\/aei-automatizacion.com\/index.php\/instrumentos\/\">Instrumentos<\/a><\/p>\n<p>[\/et_pb_text][\/et_pb_column][et_pb_column type=\u00bb1_4&#8243; _builder_version=\u00bb4.17.4&#8243; _module_preset=\u00bbdefault\u00bb global_colors_info=\u00bb{}\u00bb][et_pb_text admin_label=\u00bbColumna_4&#8243; _builder_version=\u00bb4.17.4&#8243; _module_preset=\u00bbdefault\u00bb text_font=\u00bbMontserrat|700|||||||\u00bb background_layout=\u00bbdark\u00bb max_width=\u00bb80%\u00bb border_width_bottom=\u00bb1px\u00bb border_color_bottom=\u00bb#FFFFFF\u00bb global_colors_info=\u00bb{}\u00bb]<\/p>\n<p>M\u00c1S INFORMACI\u00d3N<\/p>\n<p>[\/et_pb_text][et_pb_text admin_label=\u00bbM\u00c1S INFORMACI\u00d3N\u00bb _builder_version=\u00bb4.17.4&#8243; _module_preset=\u00bbdefault\u00bb text_font=\u00bbMontserrat||||||||\u00bb text_line_height=\u00bb0.5em\u00bb link_text_color=\u00bb#FFFFFF\u00bb custom_margin=\u00bb20px||||false|false\u00bb global_colors_info=\u00bb{}\u00bb text_text_color__hover_enabled=\u00bboff|hover\u00bb link_text_color__hover_enabled=\u00bboff|hover\u00bb]<\/p>\n<p><a href=\"#\">Pol\u00edtica de Privacidad<\/a><\/p>\n<p><a href=\"#\">Pol\u00edtica de Cookies<\/a><\/p>\n<p><a href=\"#\">Terminos y Condiciones<\/a><\/p>\n<p>[\/et_pb_text][\/et_pb_column][\/et_pb_row][et_pb_row _builder_version=\u00bb4.17.4&#8243; _module_preset=\u00bbdefault\u00bb global_colors_info=\u00bb{}\u00bb][et_pb_column type=\u00bb4_4&#8243; _builder_version=\u00bb4.17.4&#8243; _module_preset=\u00bbdefault\u00bb custom_padding=\u00bb10px||||false|false\u00bb global_colors_info=\u00bb{}\u00bb][et_pb_text _builder_version=\u00bb4.17.4&#8243; _module_preset=\u00bbdefault\u00bb text_font=\u00bbMontserrat|300|||||||\u00bb text_font_size=\u00bb12px\u00bb text_orientation=\u00bbcenter\u00bb background_layout=\u00bbdark\u00bb border_width_top=\u00bb1px\u00bb border_color_top=\u00bb#FFFFFF\u00bb global_colors_info=\u00bb{}\u00bb]<\/p>\n<p><span>Copyright \u00a92022 aei-automatizacion.com &#8211; Todos los derechos de reproducci\u00f3n reservados\u00a0 <\/span><span>|\u00a0 AEI AUTOMATIZACI\u00d3N -Grupo Aliaga-<\/span><\/p>\n<p>[\/et_pb_text][\/et_pb_column][\/et_pb_row][\/et_pb_section]<\/p>\n","protected":false},"excerpt":{"rendered":"<p>Planificaci\u00f3n, seguridad, industria, construcci\u00f3n, mantenimiento, metalmec\u00e1nica Your content goes here. Edit or remove this text inline or in the module Content settings. You can also style every aspect of this content in the module Design settings and even apply custom CSS to this text in the module Advanced settings.Your content goes here. Edit or remove [&hellip;]<\/p>\n","protected":false},"author":1,"featured_media":0,"parent":0,"menu_order":0,"comment_status":"closed","ping_status":"closed","template":"","meta":{"_et_pb_use_builder":"on","_et_pb_old_content":"<!-- wp:divi\/placeholder \/-->","_et_gb_content_width":""},"_links":{"self":[{"href":"https:\/\/aei-automatizacion.com\/index.php\/wp-json\/wp\/v2\/pages\/1672"}],"collection":[{"href":"https:\/\/aei-automatizacion.com\/index.php\/wp-json\/wp\/v2\/pages"}],"about":[{"href":"https:\/\/aei-automatizacion.com\/index.php\/wp-json\/wp\/v2\/types\/page"}],"author":[{"embeddable":true,"href":"https:\/\/aei-automatizacion.com\/index.php\/wp-json\/wp\/v2\/users\/1"}],"replies":[{"embeddable":true,"href":"https:\/\/aei-automatizacion.com\/index.php\/wp-json\/wp\/v2\/comments?post=1672"}],"version-history":[{"count":17,"href":"https:\/\/aei-automatizacion.com\/index.php\/wp-json\/wp\/v2\/pages\/1672\/revisions"}],"predecessor-version":[{"id":3355,"href":"https:\/\/aei-automatizacion.com\/index.php\/wp-json\/wp\/v2\/pages\/1672\/revisions\/3355"}],"wp:attachment":[{"href":"https:\/\/aei-automatizacion.com\/index.php\/wp-json\/wp\/v2\/media?parent=1672"}],"curies":[{"name":"wp","href":"https:\/\/api.w.org\/{rel}","templated":true}]}}